{"id":116,"date":"2022-03-27T05:32:08","date_gmt":"2022-03-27T05:32:08","guid":{"rendered":"https:\/\/nolishotel.com\/?page_id=116"},"modified":"2022-06-16T14:11:21","modified_gmt":"2022-06-16T14:11:21","slug":"services","status":"publish","type":"page","link":"https:\/\/nolishotel.com\/en\/services\/","title":{"rendered":"Services"},"content":{"rendered":"<div data-elementor-type=\"wp-page\" data-elementor-id=\"116\" class=\"elementor elementor-116\">\n\t\t\t\t\t\t\t\t\t<section class=\"elementor-section elementor-top-section elementor-element elementor-element-5cdf7b37 elementor-section-full_width elementor-section-height-default elementor-section-height-default tf-sticky-section tf-sticky-no\" data-id=\"5cdf7b37\" data-element_type=\"section\" data-settings=\"{&quot;tf_sticky&quot;:&quot;no&quot;}\">\n\t\t\t\t\t\t<div class=\"elementor-container elementor-column-gap-default\">\n\t\t\t\t\t<div class=\"elementor-column elementor-col-100 elementor-top-column elementor-element elementor-element-ded070\" data-id=\"ded070\" data-element_type=\"column\">\n\t\t\t<div class=\"elementor-widget-wrap elementor-element-populated\">\n\t\t\t\t\t\t\t\t<section class=\"elementor-section elementor-inner-section elementor-element elementor-element-41b2f0b1 elementor-section-boxed elementor-section-height-default elementor-section-height-default tf-sticky-section tf-sticky-no\" data-id=\"41b2f0b1\" data-element_type=\"section\" data-settings=\"{&quot;background_background&quot;:&quot;classic&quot;,&quot;tf_sticky&quot;:&quot;no&quot;}\">\n\t\t\t\t\t\t\t<div class=\"elementor-background-overlay\"><\/div>\n\t\t\t\t\t\t\t<div class=\"elementor-container elementor-column-gap-default\">\n\t\t\t\t\t<div class=\"elementor-column elementor-col-100 elementor-inner-column elementor-element elementor-element-14b5a4b0\" data-id=\"14b5a4b0\" data-element_type=\"column\">\n\t\t\t<div class=\"elementor-widget-wrap elementor-element-populated\">\n\t\t\t\t\t\t\t\t<div class=\"elementor-element elementor-element-75af1942 elementor-widget elementor-widget-heading\" data-id=\"75af1942\" data-element_type=\"widget\" data-widget_type=\"heading.default\">\n\t\t\t\t<div class=\"elementor-widget-container\">\n\t\t\t<h1 class=\"elementor-heading-title elementor-size-default\">Services<\/h1>\t\t<\/div>\n\t\t\t\t<\/div>\n\t\t\t\t\t<\/div>\n\t\t<\/div>\n\t\t\t\t\t\t\t<\/div>\n\t\t<\/section>\n\t\t\t\t\t<\/div>\n\t\t<\/div>\n\t\t\t\t\t\t\t<\/div>\n\t\t<\/section>\n\t\t\t\t<section class=\"elementor-section elementor-top-section elementor-element elementor-element-eeb6bf1 elementor-section-boxed elementor-section-height-default elementor-section-height-default tf-sticky-section tf-sticky-no\" data-id=\"eeb6bf1\" data-element_type=\"section\" data-settings=\"{&quot;tf_sticky&quot;:&quot;no&quot;}\">\n\t\t\t\t\t\t<div class=\"elementor-container elementor-column-gap-default\">\n\t\t\t\t\t<div class=\"elementor-column elementor-col-33 elementor-top-column elementor-element elementor-element-f61769c\" data-id=\"f61769c\" data-element_type=\"column\">\n\t\t\t<div class=\"elementor-widget-wrap\">\n\t\t\t\t\t\t\t\t\t<\/div>\n\t\t<\/div>\n\t\t\t\t<div class=\"elementor-column elementor-col-33 elementor-top-column elementor-element elementor-element-13e68a4\" data-id=\"13e68a4\" data-element_type=\"column\">\n\t\t\t<div class=\"elementor-widget-wrap elementor-element-populated\">\n\t\t\t\t\t\t\t\t<div class=\"elementor-element elementor-element-5bc0e64 elementor-widget elementor-widget-heading\" data-id=\"5bc0e64\" data-element_type=\"widget\" data-widget_type=\"heading.default\">\n\t\t\t\t<div class=\"elementor-widget-container\">\n\t\t\t<h2 class=\"elementor-heading-title elementor-size-default\">The Nolis Hotel has all your favorite amenities and services at your disposal:<\/h2>\t\t<\/div>\n\t\t\t\t<\/div>\n\t\t\t\t<div class=\"elementor-element elementor-element-e6eae92 elementor-widget elementor-widget-text-editor\" data-id=\"e6eae92\" data-element_type=\"widget\" data-widget_type=\"text-editor.default\">\n\t\t\t\t<div class=\"elementor-widget-container\">\n\t\t\t\t\t\t\t<ul><li>Free parking<\/li><\/ul><ul class=\"ul1\"><li class=\"li1\">Rooftop swimming pool<\/li><li class=\"li1\">Top Coffee and bar<\/li><li class=\"li1\">Free Wi-Fi in all rooms and throughout the hotel<\/li><li class=\"li1\">24-hour staffing and security<\/li><li class=\"li1\">Housekeeping<span class=\"Apple-converted-space\">\u00a0 <\/span><\/li><\/ul>\t\t\t\t\t\t<\/div>\n\t\t\t\t<\/div>\n\t\t\t\t\t<\/div>\n\t\t<\/div>\n\t\t\t\t<div class=\"elementor-column elementor-col-33 elementor-top-column elementor-element elementor-element-f25492e\" data-id=\"f25492e\" data-element_type=\"column\">\n\t\t\t<div class=\"elementor-widget-wrap\">\n\t\t\t\t\t\t\t\t\t<\/div>\n\t\t<\/div>\n\t\t\t\t\t\t\t<\/div>\n\t\t<\/section>\n\t\t\t\t<section class=\"elementor-section elementor-top-section elementor-element elementor-element-4d0ae62 elementor-section-boxed elementor-section-height-default elementor-section-height-default tf-sticky-section tf-sticky-no\" data-id=\"4d0ae62\" data-element_type=\"section\" data-settings=\"{&quot;tf_sticky&quot;:&quot;no&quot;}\">\n\t\t\t\t\t\t<div class=\"elementor-container elementor-column-gap-default\">\n\t\t\t\t\t<div class=\"elementor-column elementor-col-33 elementor-top-column elementor-element elementor-element-e3d5edf\" data-id=\"e3d5edf\" data-element_type=\"column\">\n\t\t\t<div class=\"elementor-widget-wrap\">\n\t\t\t\t\t\t\t\t\t<\/div>\n\t\t<\/div>\n\t\t\t\t<div class=\"elementor-column elementor-col-33 elementor-top-column elementor-element elementor-element-414732d animated-slow elementor-invisible\" data-id=\"414732d\" data-element_type=\"column\" data-settings=\"{&quot;animation&quot;:&quot;zoomIn&quot;}\">\n\t\t\t<div class=\"elementor-widget-wrap elementor-element-populated\">\n\t\t\t\t\t\t\t\t<div class=\"elementor-element elementor-element-060e5ea elementor-widget elementor-widget-vegas-slider\" data-id=\"060e5ea\" data-element_type=\"widget\" data-widget_type=\"vegas-slider.default\">\n\t\t\t\t<div class=\"elementor-widget-container\">\n\t\t\t<div class=\"hero-section slidehero center\" data-count=\"4\" data-image=\"https:\/\/nolishotel.com\/wp-content\/uploads\/2022\/04\/173226484.jpeg|https:\/\/nolishotel.com\/wp-content\/uploads\/2022\/04\/restaurant-3.jpg|https:\/\/nolishotel.com\/wp-content\/uploads\/2022\/04\/173226490.jpeg|https:\/\/nolishotel.com\/wp-content\/uploads\/2022\/04\/173226536.jpeg\" data-effect=\"fade\" data-overlay=\"\" data-poverlay=\"\" data-content=\"\" data-height=\"350\" data-height_tablet=\"300\" data-height_mobile=\"200\" data-delay=\"3000\" data-slide_type=\"custom-height\">\r\n\t                    <div class=\"vegas-container\"><div class=\"vegas-content animation-heading-none\"><div class=\"wrap-heading\"> <h2 class=\"heading\">  <\/h2> <\/div>   <\/div><\/div> \r\n\t                <\/div>\t\t<\/div>\n\t\t\t\t<\/div>\n\t\t\t\t\t<\/div>\n\t\t<\/div>\n\t\t\t\t<div class=\"elementor-column elementor-col-33 elementor-top-column elementor-element elementor-element-d190d4b\" data-id=\"d190d4b\" data-element_type=\"column\" data-settings=\"{&quot;background_background&quot;:&quot;classic&quot;}\">\n\t\t\t<div class=\"elementor-widget-wrap elementor-element-populated\">\n\t\t\t\t\t\t\t\t<div class=\"elementor-element elementor-element-db79b49 elementor-invisible elementor-widget elementor-widget-heading\" data-id=\"db79b49\" data-element_type=\"widget\" data-settings=\"{&quot;_animation&quot;:&quot;fadeInDown&quot;}\" data-widget_type=\"heading.default\">\n\t\t\t\t<div class=\"elementor-widget-container\">\n\t\t\t<h2 class=\"elementor-heading-title elementor-size-default\">Restaurant<\/h2>\t\t<\/div>\n\t\t\t\t<\/div>\n\t\t\t\t<div class=\"elementor-element elementor-element-e5d9d44 elementor-widget elementor-widget-text-editor\" data-id=\"e5d9d44\" data-element_type=\"widget\" data-widget_type=\"text-editor.default\">\n\t\t\t\t<div class=\"elementor-widget-container\">\n\t\t\t\t\t\t\t<p class=\"p1\">The Nolis Hotel has a full-service restaurant offering both a daily buffet-styled breakfast or an a la carte menu throughout the day with a variety of meals, and drinks. With a seating capacity of 200, the restaurant can handle any size group or function. Catering is also available for large events, banquets, conferences and group meeting of all sizes. Room service is available upon request.<\/p>\t\t\t\t\t\t<\/div>\n\t\t\t\t<\/div>\n\t\t\t\t\t<\/div>\n\t\t<\/div>\n\t\t\t\t\t\t\t<\/div>\n\t\t<\/section>\n\t\t\t\t<section class=\"elementor-section elementor-top-section elementor-element elementor-element-bbdad09 elementor-reverse-mobile elementor-section-boxed elementor-section-height-default elementor-section-height-default tf-sticky-section tf-sticky-no\" data-id=\"bbdad09\" data-element_type=\"section\" data-settings=\"{&quot;tf_sticky&quot;:&quot;no&quot;}\">\n\t\t\t\t\t\t<div class=\"elementor-container elementor-column-gap-default\">\n\t\t\t\t\t<div class=\"elementor-column elementor-col-33 elementor-top-column elementor-element elementor-element-64d9ec5\" data-id=\"64d9ec5\" data-element_type=\"column\" data-settings=\"{&quot;background_background&quot;:&quot;classic&quot;}\">\n\t\t\t<div class=\"elementor-widget-wrap elementor-element-populated\">\n\t\t\t\t\t\t\t\t<div class=\"elementor-element elementor-element-841380e elementor-invisible elementor-widget elementor-widget-heading\" data-id=\"841380e\" data-element_type=\"widget\" data-settings=\"{&quot;_animation&quot;:&quot;fadeInDown&quot;}\" data-widget_type=\"heading.default\">\n\t\t\t\t<div class=\"elementor-widget-container\">\n\t\t\t<h2 class=\"elementor-heading-title elementor-size-default\">Rooftop Pool<\/h2>\t\t<\/div>\n\t\t\t\t<\/div>\n\t\t\t\t<div class=\"elementor-element elementor-element-001a689 elementor-invisible elementor-widget elementor-widget-text-editor\" data-id=\"001a689\" data-element_type=\"widget\" data-settings=\"{&quot;_animation&quot;:&quot;fadeInUp&quot;}\" data-widget_type=\"text-editor.default\">\n\t\t\t\t<div class=\"elementor-widget-container\">\n\t\t\t\t\t\t\t<p class=\"p1\">The Nolis Hotel rooftop pool offers spectacular views of Vung Tau beaches and the surrounding area. Enjoy the many types of poolside seating or just wade in shallow end, or the deep end, of the pool. Adults and children will all feel safe and secure with the high glass safety walls and handrails.<\/p>\t\t\t\t\t\t<\/div>\n\t\t\t\t<\/div>\n\t\t\t\t\t<\/div>\n\t\t<\/div>\n\t\t\t\t<div class=\"elementor-column elementor-col-33 elementor-top-column elementor-element elementor-element-db337ab animated-slow elementor-invisible\" data-id=\"db337ab\" data-element_type=\"column\" data-settings=\"{&quot;animation&quot;:&quot;zoomIn&quot;}\">\n\t\t\t<div class=\"elementor-widget-wrap elementor-element-populated\">\n\t\t\t\t\t\t\t\t<div class=\"elementor-element elementor-element-b71feb9 elementor-widget elementor-widget-vegas-slider\" data-id=\"b71feb9\" data-element_type=\"widget\" data-widget_type=\"vegas-slider.default\">\n\t\t\t\t<div class=\"elementor-widget-container\">\n\t\t\t<div class=\"hero-section slidehero center\" data-count=\"3\" data-image=\"https:\/\/nolishotel.com\/wp-content\/uploads\/2022\/04\/173227456.jpeg|https:\/\/nolishotel.com\/wp-content\/uploads\/2022\/04\/173227452.jpeg|https:\/\/nolishotel.com\/wp-content\/uploads\/2022\/04\/172409688.jpeg\" data-effect=\"fade\" data-overlay=\"\" data-poverlay=\"\" data-content=\"\" data-height=\"350\" data-height_tablet=\"300\" data-height_mobile=\"200\" data-delay=\"3000\" data-slide_type=\"custom-height\">\r\n\t                    <div class=\"vegas-container\"><div class=\"vegas-content animation-heading-none\"><div class=\"wrap-heading\"> <h2 class=\"heading\">  <\/h2> <\/div>   <\/div><\/div> \r\n\t                <\/div>\t\t<\/div>\n\t\t\t\t<\/div>\n\t\t\t\t\t<\/div>\n\t\t<\/div>\n\t\t\t\t<div class=\"elementor-column elementor-col-33 elementor-top-column elementor-element elementor-element-3db6793\" data-id=\"3db6793\" data-element_type=\"column\">\n\t\t\t<div class=\"elementor-widget-wrap\">\n\t\t\t\t\t\t\t\t\t<\/div>\n\t\t<\/div>\n\t\t\t\t\t\t\t<\/div>\n\t\t<\/section>\n\t\t\t\t<section class=\"elementor-section elementor-top-section elementor-element elementor-element-6ac8d83 elementor-section-boxed elementor-section-height-default elementor-section-height-default tf-sticky-section tf-sticky-no\" data-id=\"6ac8d83\" data-element_type=\"section\" data-settings=\"{&quot;tf_sticky&quot;:&quot;no&quot;}\">\n\t\t\t\t\t\t<div class=\"elementor-container elementor-column-gap-default\">\n\t\t\t\t\t<div class=\"elementor-column elementor-col-33 elementor-top-column elementor-element elementor-element-94d6b40\" data-id=\"94d6b40\" data-element_type=\"column\">\n\t\t\t<div class=\"elementor-widget-wrap\">\n\t\t\t\t\t\t\t\t\t<\/div>\n\t\t<\/div>\n\t\t\t\t<div class=\"elementor-column elementor-col-33 elementor-top-column elementor-element elementor-element-b4a0329 animated-slow elementor-invisible\" data-id=\"b4a0329\" data-element_type=\"column\" data-settings=\"{&quot;animation&quot;:&quot;zoomIn&quot;}\">\n\t\t\t<div class=\"elementor-widget-wrap elementor-element-populated\">\n\t\t\t\t\t\t\t\t<div class=\"elementor-element elementor-element-f0829dc elementor-widget elementor-widget-vegas-slider\" data-id=\"f0829dc\" data-element_type=\"widget\" data-widget_type=\"vegas-slider.default\">\n\t\t\t\t<div class=\"elementor-widget-container\">\n\t\t\t<div class=\"hero-section slidehero center\" data-count=\"2\" data-image=\"https:\/\/nolishotel.com\/wp-content\/uploads\/2022\/05\/279220929_1036697016945360_3422252312103817100_n.webp|https:\/\/nolishotel.com\/wp-content\/uploads\/2022\/05\/278495006_371350501608278_5954452262350906830_n.webp\" data-effect=\"fade\" data-overlay=\"\" data-poverlay=\"\" data-content=\"\" data-height=\"350\" data-height_tablet=\"300\" data-height_mobile=\"200\" data-delay=\"3000\" data-slide_type=\"custom-height\">\r\n\t                    <div class=\"vegas-container\"><div class=\"vegas-content animation-heading-none\"><div class=\"wrap-heading\"> <h2 class=\"heading\">  <\/h2> <\/div>   <\/div><\/div> \r\n\t                <\/div>\t\t<\/div>\n\t\t\t\t<\/div>\n\t\t\t\t\t<\/div>\n\t\t<\/div>\n\t\t\t\t<div class=\"elementor-column elementor-col-33 elementor-top-column elementor-element elementor-element-bec1adf\" data-id=\"bec1adf\" data-element_type=\"column\" data-settings=\"{&quot;background_background&quot;:&quot;classic&quot;}\">\n\t\t\t<div class=\"elementor-widget-wrap elementor-element-populated\">\n\t\t\t\t\t\t\t\t<div class=\"elementor-element elementor-element-40c0ea1 elementor-invisible elementor-widget elementor-widget-heading\" data-id=\"40c0ea1\" data-element_type=\"widget\" data-settings=\"{&quot;_animation&quot;:&quot;fadeInDown&quot;}\" data-widget_type=\"heading.default\">\n\t\t\t\t<div class=\"elementor-widget-container\">\n\t\t\t<h2 class=\"elementor-heading-title elementor-size-default\">Top Coffee & Bar<\/h2>\t\t<\/div>\n\t\t\t\t<\/div>\n\t\t\t\t<div class=\"elementor-element elementor-element-3ef0c2b elementor-widget elementor-widget-text-editor\" data-id=\"3ef0c2b\" data-element_type=\"widget\" data-widget_type=\"text-editor.default\">\n\t\t\t\t<div class=\"elementor-widget-container\">\n\t\t\t\t\t\t\t<p class=\"p1\">The Top Coffee and Bar, adjacent to the rooftop pool, has a wide variety of coffees and teas, as well as, cocktails, spirits, smoothies and soft drinks.<\/p>\t\t\t\t\t\t<\/div>\n\t\t\t\t<\/div>\n\t\t\t\t\t<\/div>\n\t\t<\/div>\n\t\t\t\t\t\t\t<\/div>\n\t\t<\/section>\n\t\t\t\t\t\t\t<\/div>","protected":false},"excerpt":{"rendered":"<p>D\u1ecbch V\u1ee5 T\u1ea5t c\u1ea3 c\u00e1c d\u1ecbch v\u1ee5 c\u1ea7n thi\u1ebft t\u1ea1i Nolis Hotel lu\u00f4n s\u1eb5n s\u00e0ng ph\u1ee5c v\u1ee5 b\u1ea1n: B\u00e3i \u0111\u1eadu xe H\u1ed3 b\u01a1i tr\u00ean s\u00e2n th\u01b0\u1ee3ng Top coffee v\u00e0 qu\u1ea7y bar Wi-Fi trong t\u1ea5t c\u1ea3 c\u00e1c ph\u00f2ng v\u00e0 to\u00e0n b\u1ed9 kh\u00e1ch s\u1ea1n Nh\u00e2n vi\u00ean v\u00e0 an ninh 24\/24 D\u1ecdn ph\u00f2ng\u00a0 Nh\u00e0 H\u00e0ng Nolis Hotel c\u00f3 [&hellip;]<\/p>","protected":false},"author":1,"featured_media":0,"parent":0,"menu_order":0,"comment_status":"closed","ping_status":"closed","template":"","meta":{"footnotes":""},"class_list":["post-116","page","type-page","status-publish","hentry"],"_links":{"self":[{"href":"https:\/\/nolishotel.com\/en\/wp-json\/wp\/v2\/pages\/116","targetHints":{"allow":["GET"]}}],"collection":[{"href":"https:\/\/nolishotel.com\/en\/wp-json\/wp\/v2\/pages"}],"about":[{"href":"https:\/\/nolishotel.com\/en\/wp-json\/wp\/v2\/types\/page"}],"author":[{"embeddable":true,"href":"https:\/\/nolishotel.com\/en\/wp-json\/wp\/v2\/users\/1"}],"replies":[{"embeddable":true,"href":"https:\/\/nolishotel.com\/en\/wp-json\/wp\/v2\/comments?post=116"}],"version-history":[{"count":85,"href":"https:\/\/nolishotel.com\/en\/wp-json\/wp\/v2\/pages\/116\/revisions"}],"predecessor-version":[{"id":1429,"href":"https:\/\/nolishotel.com\/en\/wp-json\/wp\/v2\/pages\/116\/revisions\/1429"}],"wp:attachment":[{"href":"https:\/\/nolishotel.com\/en\/wp-json\/wp\/v2\/media?parent=116"}],"curies":[{"name":"wp","href":"https:\/\/api.w.org\/{rel}","templated":true}]}}